{"id":12,"date":"2016-10-01T20:08:51","date_gmt":"2016-10-01T18:08:51","guid":{"rendered":"https:\/\/minisites.memorialdelashoah.org\/cnrd-2018-2019\/?page_id=12"},"modified":"2018-10-08T15:15:25","modified_gmt":"2018-10-08T13:15:25","slug":"activites-pedagogiques","status":"publish","type":"page","link":"https:\/\/minisites.memorialdelashoah.org\/cnrd-2018-2019\/activites-pedagogiques.html","title":{"rendered":"Activit\u00e9s"},"content":{"rendered":"<p>Pour accompagner les \u00e9l\u00e8ves dans leurs recherches et leurs travaux autour du th\u00e8me du <strong>CNRD 2018-2019<\/strong>\u00a0<strong>\u00ab R\u00e9pressions et d\u00e9portations en France et en Europe, 1939-1945. Espaces et histoire \u00bb<\/strong>, le <strong>M\u00e9morial de la Shoah<\/strong> propose des activit\u00e9s pour les classes, anim\u00e9es par l\u2019\u00e9quipe p\u00e9dagogique du M\u00e9morial et des historiens.<\/p>\n","protected":false},"excerpt":{"rendered":"<p>Pour accompagner les \u00e9l\u00e8ves dans leurs recherches et leurs travaux autour du th\u00e8me du CNRD 2018-2019\u00a0\u00ab R\u00e9pressions et d\u00e9portations en France et en Europe, 1939-1945. Espaces et histoire \u00bb, le M\u00e9morial de la Shoah propose des activit\u00e9s pour les classes, anim\u00e9es par l\u2019\u00e9quipe p\u00e9dagogique du M\u00e9morial et des historiens.<\/p>\n","protected":false},"author":1,"featured_media":0,"parent":0,"menu_order":2,"comment_status":"closed","ping_status":"closed","template":"evenements.php","meta":[],"acf":[],"_links":{"self":[{"href":"https:\/\/minisites.memorialdelashoah.org\/cnrd-2018-2019\/wp-json\/wp\/v2\/pages\/12"}],"collection":[{"href":"https:\/\/minisites.memorialdelashoah.org\/cnrd-2018-2019\/wp-json\/wp\/v2\/pages"}],"about":[{"href":"https:\/\/minisites.memorialdelashoah.org\/cnrd-2018-2019\/wp-json\/wp\/v2\/types\/page"}],"author":[{"embeddable":true,"href":"https:\/\/minisites.memorialdelashoah.org\/cnrd-2018-2019\/wp-json\/wp\/v2\/users\/1"}],"replies":[{"embeddable":true,"href":"https:\/\/minisites.memorialdelashoah.org\/cnrd-2018-2019\/wp-json\/wp\/v2\/comments?post=12"}],"version-history":[{"count":7,"href":"https:\/\/minisites.memorialdelashoah.org\/cnrd-2018-2019\/wp-json\/wp\/v2\/pages\/12\/revisions"}],"predecessor-version":[{"id":860,"href":"https:\/\/minisites.memorialdelashoah.org\/cnrd-2018-2019\/wp-json\/wp\/v2\/pages\/12\/revisions\/860"}],"wp:attachment":[{"href":"https:\/\/minisites.memorialdelashoah.org\/cnrd-2018-2019\/wp-json\/wp\/v2\/media?parent=12"}],"curies":[{"name":"wp","href":"https:\/\/api.w.org\/{rel}","templated":true}]}}