{"id":12,"date":"2016-10-01T20:08:51","date_gmt":"2016-10-01T18:08:51","guid":{"rendered":"https:\/\/minisites.memorialdelashoah.org\/voyagesdetude\/?page_id=12"},"modified":"2019-04-29T09:57:25","modified_gmt":"2019-04-29T07:57:25","slug":"evenements","status":"publish","type":"page","link":"https:\/\/minisites.memorialdelashoah.org\/voyagesdetude\/evenements.html","title":{"rendered":"Ev\u00e9nements"},"content":{"rendered":"<p>Participez \u00e0 nos <strong>\u00e9v\u00e9nements<\/strong> autour de l&rsquo;exposition <strong>\u00abLe march\u00e9 de l&rsquo;art sous l&rsquo;Occupation, 1940-1944\u00bb<\/strong>\u00a0: rencontres, visites guid\u00e9es, projections.\u00a0Les places sont \u00e0 r\u00e9server en ligne sur la billetterie de notre site\u00a0web ou bien directement \u00e0 l&rsquo;accueil du M\u00e9morial.<\/p>\n","protected":false},"excerpt":{"rendered":"<p>Participez \u00e0 nos \u00e9v\u00e9nements autour de l&rsquo;exposition \u00abLe march\u00e9 de l&rsquo;art sous l&rsquo;Occupation, 1940-1944\u00bb\u00a0: rencontres, visites guid\u00e9es, projections.\u00a0Les places sont \u00e0 r\u00e9server en ligne sur la billetterie de notre site\u00a0web ou bien directement \u00e0 l&rsquo;accueil du M\u00e9morial.<\/p>\n","protected":false},"author":1,"featured_media":0,"parent":0,"menu_order":2,"comment_status":"closed","ping_status":"closed","template":"evenements.php","meta":[],"acf":[],"_links":{"self":[{"href":"https:\/\/minisites.memorialdelashoah.org\/voyagesdetude\/wp-json\/wp\/v2\/pages\/12"}],"collection":[{"href":"https:\/\/minisites.memorialdelashoah.org\/voyagesdetude\/wp-json\/wp\/v2\/pages"}],"about":[{"href":"https:\/\/minisites.memorialdelashoah.org\/voyagesdetude\/wp-json\/wp\/v2\/types\/page"}],"author":[{"embeddable":true,"href":"https:\/\/minisites.memorialdelashoah.org\/voyagesdetude\/wp-json\/wp\/v2\/users\/1"}],"replies":[{"embeddable":true,"href":"https:\/\/minisites.memorialdelashoah.org\/voyagesdetude\/wp-json\/wp\/v2\/comments?post=12"}],"version-history":[{"count":15,"href":"https:\/\/minisites.memorialdelashoah.org\/voyagesdetude\/wp-json\/wp\/v2\/pages\/12\/revisions"}],"predecessor-version":[{"id":1507,"href":"https:\/\/minisites.memorialdelashoah.org\/voyagesdetude\/wp-json\/wp\/v2\/pages\/12\/revisions\/1507"}],"wp:attachment":[{"href":"https:\/\/minisites.memorialdelashoah.org\/voyagesdetude\/wp-json\/wp\/v2\/media?parent=12"}],"curies":[{"name":"wp","href":"https:\/\/api.w.org\/{rel}","templated":true}]}}